{"id":228,"date":"2024-12-11T18:53:40","date_gmt":"2024-12-11T18:53:40","guid":{"rendered":"https:\/\/tuvsa.com.ar\/web\/?page_id=228"},"modified":"2024-12-18T13:56:06","modified_gmt":"2024-12-18T13:56:06","slug":"faqs","status":"publish","type":"page","link":"https:\/\/tuvsa.com.ar\/web\/index.php\/faqs\/","title":{"rendered":"FAQ\u00b4s"},"content":{"rendered":"\n<div style=\"height:33px\" aria-hidden=\"true\" class=\"wp-block-spacer\"><\/div>\n\n\n<div ><style>#sp-ea-234 .spcollapsing { height: 0; overflow: hidden; transition-property: height;transition-duration: 300ms;}#sp-ea-234.sp-easy-accordion>.sp-ea-single {margin-bottom: 10px; border: 1px solid #e2e2e2; }#sp-ea-234.sp-easy-accordion>.sp-ea-single>.ea-header a {color: #444;}#sp-ea-234.sp-easy-accordion>.sp-ea-single>.sp-collapse>.ea-body {background: #fff; color: #444;}#sp-ea-234.sp-easy-accordion>.sp-ea-single {background: #eee;}#sp-ea-234.sp-easy-accordion>.sp-ea-single>.ea-header a .ea-expand-icon { float: left; color: #444;font-size: 16px;}<\/style><div id=\"sp_easy_accordion-1734374386\">\n<div id=\"sp-ea-234\" class=\"sp-ea-one sp-easy-accordion\" data-ea-active=\"ea-click\" data-ea-mode=\"vertical\" data-preloader=\"\" data-scroll-active-item=\"\" data-offset-to-scroll=\"0\">\n\n<!-- Start accordion card div. -->\n<div class=\"ea-card ea-expand sp-ea-single\">\n\t<!-- Start accordion header. -->\n\t<h3 class=\"ea-header\">\n\t\t<!-- Add anchor tag for header. -->\n\t\t<a class=\"collapsed\" id=\"ea-header-2340\" role=\"button\" data-sptoggle=\"spcollapse\" data-sptarget=\"#collapse2340\" aria-controls=\"collapse2340\" href=\"#\"  aria-expanded=\"true\" tabindex=\"0\">\n\t\t<i aria-hidden=\"true\" role=\"presentation\" class=\"ea-expand-icon eap-icon-ea-expand-minus\"><\/i> \u00bfQu\u00e9 diferencias existen entre la VTV de provincia o capital y la RTO?\t\t<\/a> <!-- Close anchor tag for header. -->\n\t<\/h3>\t<!-- Close header tag. -->\n\t<!-- Start collapsible content div. -->\n\t<div class=\"sp-collapse spcollapse collapsed show\" id=\"collapse2340\" data-parent=\"#sp-ea-234\" role=\"region\" aria-labelledby=\"ea-header-2340\">  <!-- Content div. -->\n\t\t<div class=\"ea-body\">\n\t\t<p>La diferencia est\u00e1 dada por la Jurisdicci\u00f3n y las posibilidades de uso.<\/p>\n<p>Si usted posee un veh\u00edculo liviano (furg\u00f3n, furgoneta, pick ups, etc.), le informamos que corresponde que realice la <strong><u>RTO<\/u><\/strong>, aunque sea de uso particular, para poder circular con carga por todo el territorio nacional, y <strong>no<\/strong> <u>la VTV<\/u>, dicha revisi\u00f3n <u>no lo habilita a transportar carga.<\/u><\/p>\n<p><strong>La RTO es obligatoria para los veh\u00edculos de carga y pasajeros que realicen transporte interjurisdiccional.<\/strong><\/p>\n\t\t<\/div> <!-- Close content div. -->\n\t<\/div> <!-- Close collapse div. -->\n<\/div> <!-- Close card div. -->\n<!-- Start accordion card div. -->\n<div class=\"ea-card  sp-ea-single\">\n\t<!-- Start accordion header. -->\n\t<h3 class=\"ea-header\">\n\t\t<!-- Add anchor tag for header. -->\n\t\t<a class=\"collapsed\" id=\"ea-header-2341\" role=\"button\" data-sptoggle=\"spcollapse\" data-sptarget=\"#collapse2341\" aria-controls=\"collapse2341\" href=\"#\"  aria-expanded=\"false\" tabindex=\"0\">\n\t\t<i aria-hidden=\"true\" role=\"presentation\" class=\"ea-expand-icon eap-icon-ea-expand-plus\"><\/i> \u00bfQu\u00e9 veh\u00edculos deben efectuar la Verificaci\u00f3n T\u00e9cnica Nacional Obligatoria en los talleres de la CENT?\t\t<\/a> <!-- Close anchor tag for header. -->\n\t<\/h3>\t<!-- Close header tag. -->\n\t<!-- Start collapsible content div. -->\n\t<div class=\"sp-collapse spcollapse \" id=\"collapse2341\" data-parent=\"#sp-ea-234\" role=\"region\" aria-labelledby=\"ea-header-2341\">  <!-- Content div. -->\n\t\t<div class=\"ea-body\">\n\t\t<p>Todos los veh\u00edculos que realicen transporte de carga y pasajeros en el \u00e1mbito interjurisdiccional (la Argentina est\u00e1 dividida en 24 jurisdicciones entre las provincias y la Ciudad Aut\u00f3noma de Buenos Aires) as\u00ed como los que circulan en el \u00e1mbito local, y su jurisdicci\u00f3n haya efectuado un convenio con la CENT. Adem\u00e1s, todos los veh\u00edculos de uso particular cuyas jurisdicciones (Provinciales o Municipales) hayan efectuado un convenio con la CENT.<\/p>\n\t\t<\/div> <!-- Close content div. -->\n\t<\/div> <!-- Close collapse div. -->\n<\/div> <!-- Close card div. -->\n<!-- Start accordion card div. -->\n<div class=\"ea-card  sp-ea-single\">\n\t<!-- Start accordion header. -->\n\t<h3 class=\"ea-header\">\n\t\t<!-- Add anchor tag for header. -->\n\t\t<a class=\"collapsed\" id=\"ea-header-2342\" role=\"button\" data-sptoggle=\"spcollapse\" data-sptarget=\"#collapse2342\" aria-controls=\"collapse2342\" href=\"#\"  aria-expanded=\"false\" tabindex=\"0\">\n\t\t<i aria-hidden=\"true\" role=\"presentation\" class=\"ea-expand-icon eap-icon-ea-expand-plus\"><\/i> \u00bfCu\u00e1l es el per\u00edodo de gracia de los veh\u00edculos 0 km?\t\t<\/a> <!-- Close anchor tag for header. -->\n\t<\/h3>\t<!-- Close header tag. -->\n\t<!-- Start collapsible content div. -->\n\t<div class=\"sp-collapse spcollapse \" id=\"collapse2342\" data-parent=\"#sp-ea-234\" role=\"region\" aria-labelledby=\"ea-header-2342\">  <!-- Content div. -->\n\t\t<div class=\"ea-body\">\n\t\t<p>Para los veh\u00edculos que realizan transporte de Cargas Generales y Peligrosas es de 12 meses desde el patentamiento original. En el caso de Transporte de Pasajeros, no hay per\u00edodo de gracia, deben realizar la RTO desde su patentamiento. Para los Veh\u00edculos de Uso Particular es de 3 a\u00f1os desde fecha de patentamiento original.<\/p>\n\t\t<\/div> <!-- Close content div. -->\n\t<\/div> <!-- Close collapse div. -->\n<\/div> <!-- Close card div. -->\n<!-- Start accordion card div. -->\n<div class=\"ea-card  sp-ea-single\">\n\t<!-- Start accordion header. -->\n\t<h3 class=\"ea-header\">\n\t\t<!-- Add anchor tag for header. -->\n\t\t<a class=\"collapsed\" id=\"ea-header-2343\" role=\"button\" data-sptoggle=\"spcollapse\" data-sptarget=\"#collapse2343\" aria-controls=\"collapse2343\" href=\"#\"  aria-expanded=\"false\" tabindex=\"0\">\n\t\t<i aria-hidden=\"true\" role=\"presentation\" class=\"ea-expand-icon eap-icon-ea-expand-plus\"><\/i> \u00bfCu\u00e1l es el per\u00edodo de vigencia de verificaci\u00f3n t\u00e9cnica?\t\t<\/a> <!-- Close anchor tag for header. -->\n\t<\/h3>\t<!-- Close header tag. -->\n\t<!-- Start collapsible content div. -->\n\t<div class=\"sp-collapse spcollapse \" id=\"collapse2343\" data-parent=\"#sp-ea-234\" role=\"region\" aria-labelledby=\"ea-header-2343\">  <!-- Content div. -->\n\t\t<div class=\"ea-body\">\n\t\t<p><u>Cargas Generales<\/u>: 1 a\u00f1o de vigencia hasta los 20 a\u00f1os de antig\u00fcedad y 6 meses para m\u00e1s de 20 a\u00f1os sin l\u00edmite de antig\u00fcedad.<\/p>\n<p><u>Cargas Peligrosas<\/u>: Vigencia: Veh\u00edculos Motrices: 1 a\u00f1o hasta los 10 a\u00f1os de antig\u00fcedad y cada 4 meses durante los siguientes 3 a\u00f1os ( por pr\u00f3rroga vigente ); luego de esto no pueden circular. Remolques 1 a\u00f1o hasta 10 a\u00f1os de antig\u00fcedad, luego siguen circulando sin l\u00edmite de modelo y verifican cada 6 meses.<\/p>\n<p><u>Trasporte de Pasajeros<\/u>: 6 meses hasta los 10 a\u00f1os y 4 meses (seg\u00fan pr\u00f3rroga vigente) para m\u00e1s de 10 a\u00f1os hasta 13 a\u00f1os de antig\u00fcedad.<\/p>\n<p><u>Veh\u00edculos de Uso Particular<\/u>: Vigencia: 2 a\u00f1os hasta los 7 a\u00f1os de antig\u00fcedad y 1 a\u00f1o para m\u00e1s de 7 a\u00f1os sin l\u00edmite de antig\u00fcedad.<\/p>\n\t\t<\/div> <!-- Close content div. -->\n\t<\/div> <!-- Close collapse div. -->\n<\/div> <!-- Close card div. -->\n<!-- Start accordion card div. -->\n<div class=\"ea-card  sp-ea-single\">\n\t<!-- Start accordion header. -->\n\t<h3 class=\"ea-header\">\n\t\t<!-- Add anchor tag for header. -->\n\t\t<a class=\"collapsed\" id=\"ea-header-2344\" role=\"button\" data-sptoggle=\"spcollapse\" data-sptarget=\"#collapse2344\" aria-controls=\"collapse2344\" href=\"#\"  aria-expanded=\"false\" tabindex=\"0\">\n\t\t<i aria-hidden=\"true\" role=\"presentation\" class=\"ea-expand-icon eap-icon-ea-expand-plus\"><\/i> \u00bfCu\u00e1l es la documentaci\u00f3n exigida para efectuar la verificaci\u00f3n t\u00e9cnica?\t\t<\/a> <!-- Close anchor tag for header. -->\n\t<\/h3>\t<!-- Close header tag. -->\n\t<!-- Start collapsible content div. -->\n\t<div class=\"sp-collapse spcollapse \" id=\"collapse2344\" data-parent=\"#sp-ea-234\" role=\"region\" aria-labelledby=\"ea-header-2344\">  <!-- Content div. -->\n\t\t<div class=\"ea-body\">\n\t\t<p>La documentaci\u00f3n a presentar es la C\u00e9dula de Identificaci\u00f3n de la unidad. Podr\u00e1 exigirse si existen modificaciones del veh\u00edculo original, el certificado de modificaci\u00f3n, si corresponde.<\/p>\n<p>Para los veh\u00edculos de Cargas, se exigir\u00e1 certificado de agregado de tanques adicionales y\/o certificaci\u00f3n de la cisterna si corresponde.<\/p>\n<p>Para los veh\u00edculos de pasajeros, alta de la CNRT, Certificado de Fabricaci\u00f3n de la Carrocer\u00eda y certificaci\u00f3n LCM (Licencia de Configuraci\u00f3n de Modelos) si corresponde.<\/p>\n\t\t<\/div> <!-- Close content div. -->\n\t<\/div> <!-- Close collapse div. -->\n<\/div> <!-- Close card div. -->\n<!-- Start accordion card div. -->\n<div class=\"ea-card  sp-ea-single\">\n\t<!-- Start accordion header. -->\n\t<h3 class=\"ea-header\">\n\t\t<!-- Add anchor tag for header. -->\n\t\t<a class=\"collapsed\" id=\"ea-header-2345\" role=\"button\" data-sptoggle=\"spcollapse\" data-sptarget=\"#collapse2345\" aria-controls=\"collapse2345\" href=\"#\"  aria-expanded=\"false\" tabindex=\"0\">\n\t\t<i aria-hidden=\"true\" role=\"presentation\" class=\"ea-expand-icon eap-icon-ea-expand-plus\"><\/i> \u00bfQu\u00e9 dispositivos obligatorios adicionales deben contar las unidades al presentarse a la verificaci\u00f3n t\u00e9cnica?\t\t<\/a> <!-- Close anchor tag for header. -->\n\t<\/h3>\t<!-- Close header tag. -->\n\t<!-- Start collapsible content div. -->\n\t<div class=\"sp-collapse spcollapse \" id=\"collapse2345\" data-parent=\"#sp-ea-234\" role=\"region\" aria-labelledby=\"ea-header-2345\">  <!-- Content div. -->\n\t\t<div class=\"ea-body\">\n\t\t<ol>\n<li>Disponer de Bandas Retrorreflectivas y C\u00edrculo de Velocidad M\u00e1xima para todos los veh\u00edculos de transporte de Cargas y Pasajeros.<\/li>\n<li>Los veh\u00edculos de cargas peligrosas deben estar identificados con Paneles de Seguridad y Rombos.<\/li>\n<li>Los veh\u00edculos motrices de cargas peligrosas que pertenezcan a las categor\u00edas (N2 y N3) deben disponer de tac\u00f3grafo.<\/li>\n<li>Los veh\u00edculos de pasajeros categor\u00edas (M2 y M3) que realizan servicios de media y larga distancia deben poseer tac\u00f3grafo. Los servicios urbanos deben poseer limitador de velocidad.<\/li>\n<\/ol>\n\t\t<\/div> <!-- Close content div. -->\n\t<\/div> <!-- Close collapse div. -->\n<\/div> <!-- Close card div. -->\n<!-- Start accordion card div. -->\n<div class=\"ea-card  sp-ea-single\">\n\t<!-- Start accordion header. -->\n\t<h3 class=\"ea-header\">\n\t\t<!-- Add anchor tag for header. -->\n\t\t<a class=\"collapsed\" id=\"ea-header-2346\" role=\"button\" data-sptoggle=\"spcollapse\" data-sptarget=\"#collapse2346\" aria-controls=\"collapse2346\" href=\"#\"  aria-expanded=\"false\" tabindex=\"0\">\n\t\t<i aria-hidden=\"true\" role=\"presentation\" class=\"ea-expand-icon eap-icon-ea-expand-plus\"><\/i> \u00bfC\u00f3mo puedo pagar el tr\u00e1mite? \u00bfAceptan tarjetas (cu\u00e1les)? \u00bfPuedo pagar con cheque?\t\t<\/a> <!-- Close anchor tag for header. -->\n\t<\/h3>\t<!-- Close header tag. -->\n\t<!-- Start collapsible content div. -->\n\t<div class=\"sp-collapse spcollapse \" id=\"collapse2346\" data-parent=\"#sp-ea-234\" role=\"region\" aria-labelledby=\"ea-header-2346\">  <!-- Content div. -->\n\t\t<div class=\"ea-body\">\n\t\t<p>Podr\u00e1 abonar el tr\u00e1mite con cheque, en efectivo o tarjetas de debito Visa, Cabal o Mastercard<\/p>\n\t\t<\/div> <!-- Close content div. -->\n\t<\/div> <!-- Close collapse div. -->\n<\/div> <!-- Close card div. -->\n<!-- Start accordion card div. -->\n<div class=\"ea-card  sp-ea-single\">\n\t<!-- Start accordion header. -->\n\t<h3 class=\"ea-header\">\n\t\t<!-- Add anchor tag for header. -->\n\t\t<a class=\"collapsed\" id=\"ea-header-2347\" role=\"button\" data-sptoggle=\"spcollapse\" data-sptarget=\"#collapse2347\" aria-controls=\"collapse2347\" href=\"#\"  aria-expanded=\"false\" tabindex=\"0\">\n\t\t<i aria-hidden=\"true\" role=\"presentation\" class=\"ea-expand-icon eap-icon-ea-expand-plus\"><\/i> \u00bfQu\u00e9 leyes avalan la R.T.O.?\t\t<\/a> <!-- Close anchor tag for header. -->\n\t<\/h3>\t<!-- Close header tag. -->\n\t<!-- Start collapsible content div. -->\n\t<div class=\"sp-collapse spcollapse \" id=\"collapse2347\" data-parent=\"#sp-ea-234\" role=\"region\" aria-labelledby=\"ea-header-2347\">  <!-- Content div. -->\n\t\t<div class=\"ea-body\">\n\t\t<p>La ley 24449, en su art\u00edculo 34, reglamentado por el decreto 779\/95 y Resoluci\u00f3n de la Secretar\u00eda de Transporte N\u00ba 417\/92.<\/p>\n\t\t<\/div> <!-- Close content div. -->\n\t<\/div> <!-- Close collapse div. -->\n<\/div> <!-- Close card div. -->\n<!-- Start accordion card div. -->\n<div class=\"ea-card  sp-ea-single\">\n\t<!-- Start accordion header. -->\n\t<h3 class=\"ea-header\">\n\t\t<!-- Add anchor tag for header. -->\n\t\t<a class=\"collapsed\" id=\"ea-header-2348\" role=\"button\" data-sptoggle=\"spcollapse\" data-sptarget=\"#collapse2348\" aria-controls=\"collapse2348\" href=\"#\"  aria-expanded=\"false\" tabindex=\"0\">\n\t\t<i aria-hidden=\"true\" role=\"presentation\" class=\"ea-expand-icon eap-icon-ea-expand-plus\"><\/i> Los vidrios polarizados. \u00bfEst\u00e1n prohibidos?\t\t<\/a> <!-- Close anchor tag for header. -->\n\t<\/h3>\t<!-- Close header tag. -->\n\t<!-- Start collapsible content div. -->\n\t<div class=\"sp-collapse spcollapse \" id=\"collapse2348\" data-parent=\"#sp-ea-234\" role=\"region\" aria-labelledby=\"ea-header-2348\">  <!-- Content div. -->\n\t\t<div class=\"ea-body\">\n\t\t<p>Los vidrios polarizados est\u00e1n prohibidos por Ley, son un motivo de rechazo al verificar. Tambi\u00e9n lo son los vidrios espejados.<\/p>\n<p>Es importante tener en cuenta que aprobar la verificaci\u00f3n no lo exime de ser multado en la v\u00eda p\u00fablica.<\/p>\n\t\t<\/div> <!-- Close content div. -->\n\t<\/div> <!-- Close collapse div. -->\n<\/div> <!-- Close card div. -->\n<!-- Start accordion card div. -->\n<div class=\"ea-card  sp-ea-single\">\n\t<!-- Start accordion header. -->\n\t<h3 class=\"ea-header\">\n\t\t<!-- Add anchor tag for header. -->\n\t\t<a class=\"collapsed\" id=\"ea-header-2349\" role=\"button\" data-sptoggle=\"spcollapse\" data-sptarget=\"#collapse2349\" aria-controls=\"collapse2349\" href=\"#\"  aria-expanded=\"false\" tabindex=\"0\">\n\t\t<i aria-hidden=\"true\" role=\"presentation\" class=\"ea-expand-icon eap-icon-ea-expand-plus\"><\/i> \u00bfPuede verificar una persona que no sea el titular?\t\t<\/a> <!-- Close anchor tag for header. -->\n\t<\/h3>\t<!-- Close header tag. -->\n\t<!-- Start collapsible content div. -->\n\t<div class=\"sp-collapse spcollapse \" id=\"collapse2349\" data-parent=\"#sp-ea-234\" role=\"region\" aria-labelledby=\"ea-header-2349\">  <!-- Content div. -->\n\t\t<div class=\"ea-body\">\n\t\t<p>El tr\u00e1mite lo puede realizar cualquier persona presentando la documentaci\u00f3n requerida del veh\u00edculo y documento personal.<\/p>\n\t\t<\/div> <!-- Close content div. -->\n\t<\/div> <!-- Close collapse div. -->\n<\/div> <!-- Close card div. -->\n<!-- Start accordion card div. -->\n<div class=\"ea-card  sp-ea-single\">\n\t<!-- Start accordion header. -->\n\t<h3 class=\"ea-header\">\n\t\t<!-- Add anchor tag for header. -->\n\t\t<a class=\"collapsed\" id=\"ea-header-23410\" role=\"button\" data-sptoggle=\"spcollapse\" data-sptarget=\"#collapse23410\" aria-controls=\"collapse23410\" href=\"#\"  aria-expanded=\"false\" tabindex=\"0\">\n\t\t<i aria-hidden=\"true\" role=\"presentation\" class=\"ea-expand-icon eap-icon-ea-expand-plus\"><\/i> \u00bfSi no hago la R.T.O. me pueden multar?\t\t<\/a> <!-- Close anchor tag for header. -->\n\t<\/h3>\t<!-- Close header tag. -->\n\t<!-- Start collapsible content div. -->\n\t<div class=\"sp-collapse spcollapse \" id=\"collapse23410\" data-parent=\"#sp-ea-234\" role=\"region\" aria-labelledby=\"ea-header-23410\">  <!-- Content div. -->\n\t\t<div class=\"ea-body\">\n\t\t<p>S\u00ed. Le corresponde una multa adem\u00e1s de la retenci\u00f3n del veh\u00edculo.<\/p>\n\t\t<\/div> <!-- Close content div. -->\n\t<\/div> <!-- Close collapse div. -->\n<\/div> <!-- Close card div. -->\n<!-- Start accordion card div. -->\n<div class=\"ea-card  sp-ea-single\">\n\t<!-- Start accordion header. -->\n\t<h3 class=\"ea-header\">\n\t\t<!-- Add anchor tag for header. -->\n\t\t<a class=\"collapsed\" id=\"ea-header-23411\" role=\"button\" data-sptoggle=\"spcollapse\" data-sptarget=\"#collapse23411\" aria-controls=\"collapse23411\" href=\"#\"  aria-expanded=\"false\" tabindex=\"0\">\n\t\t<i aria-hidden=\"true\" role=\"presentation\" class=\"ea-expand-icon eap-icon-ea-expand-plus\"><\/i> \u00bfQu\u00e9 pasa si me rechazan o me condicionan?\t\t<\/a> <!-- Close anchor tag for header. -->\n\t<\/h3>\t<!-- Close header tag. -->\n\t<!-- Start collapsible content div. -->\n\t<div class=\"sp-collapse spcollapse \" id=\"collapse23411\" data-parent=\"#sp-ea-234\" role=\"region\" aria-labelledby=\"ea-header-23411\">  <!-- Content div. -->\n\t\t<div class=\"ea-body\">\n\t\t<p>Si al verificar, el veh\u00edculo presenta alg\u00fan defecto que implique un condicional se le dar\u00e1 un plazo de 30 a 60 d\u00edas corridos para solucionar el problema, tiempo en el que no puede prestar servicio.<\/p>\n\t\t<\/div> <!-- Close content div. -->\n\t<\/div> <!-- Close collapse div. -->\n<\/div> <!-- Close card div. -->\n<!-- Start accordion card div. -->\n<div class=\"ea-card  sp-ea-single\">\n\t<!-- Start accordion header. -->\n\t<h3 class=\"ea-header\">\n\t\t<!-- Add anchor tag for header. -->\n\t\t<a class=\"collapsed\" id=\"ea-header-23412\" role=\"button\" data-sptoggle=\"spcollapse\" data-sptarget=\"#collapse23412\" aria-controls=\"collapse23412\" href=\"#\"  aria-expanded=\"false\" tabindex=\"0\">\n\t\t<i aria-hidden=\"true\" role=\"presentation\" class=\"ea-expand-icon eap-icon-ea-expand-plus\"><\/i> \u00bfSi voy vencido, hay recargo?\t\t<\/a> <!-- Close anchor tag for header. -->\n\t<\/h3>\t<!-- Close header tag. -->\n\t<!-- Start collapsible content div. -->\n\t<div class=\"sp-collapse spcollapse \" id=\"collapse23412\" data-parent=\"#sp-ea-234\" role=\"region\" aria-labelledby=\"ea-header-23412\">  <!-- Content div. -->\n\t\t<div class=\"ea-body\">\n\t\t<p>No. Pero se expone a ser multado por falta de RTO. El per\u00edodo de vigencia cuenta a partir de cu\u00e1ndo se realiza la verificaci\u00f3n.<\/p>\n\t\t<\/div> <!-- Close content div. -->\n\t<\/div> <!-- Close collapse div. -->\n<\/div> <!-- Close card div. -->\n<!-- Start accordion card div. -->\n<div class=\"ea-card  sp-ea-single\">\n\t<!-- Start accordion header. -->\n\t<h3 class=\"ea-header\">\n\t\t<!-- Add anchor tag for header. -->\n\t\t<a class=\"collapsed\" id=\"ea-header-23413\" role=\"button\" data-sptoggle=\"spcollapse\" data-sptarget=\"#collapse23413\" aria-controls=\"collapse23413\" href=\"#\"  aria-expanded=\"false\" tabindex=\"0\">\n\t\t<i aria-hidden=\"true\" role=\"presentation\" class=\"ea-expand-icon eap-icon-ea-expand-plus\"><\/i> \u00bfEl veh\u00edculo sufre alg\u00fan deterioro al hacer la R.T.O.?\t\t<\/a> <!-- Close anchor tag for header. -->\n\t<\/h3>\t<!-- Close header tag. -->\n\t<!-- Start collapsible content div. -->\n\t<div class=\"sp-collapse spcollapse \" id=\"collapse23413\" data-parent=\"#sp-ea-234\" role=\"region\" aria-labelledby=\"ea-header-23413\">  <!-- Content div. -->\n\t\t<div class=\"ea-body\">\n\t\t<p>No. Est\u00e1 comprobado que los procedimientos efectuados para verificar los veh\u00edculos no afectan en absoluto al mismo.<\/p>\n\t\t<\/div> <!-- Close content div. -->\n\t<\/div> <!-- Close collapse div. -->\n<\/div> <!-- Close card div. -->\n<!-- Start accordion card div. -->\n<div class=\"ea-card  sp-ea-single\">\n\t<!-- Start accordion header. -->\n\t<h3 class=\"ea-header\">\n\t\t<!-- Add anchor tag for header. -->\n\t\t<a class=\"collapsed\" id=\"ea-header-23414\" role=\"button\" data-sptoggle=\"spcollapse\" data-sptarget=\"#collapse23414\" aria-controls=\"collapse23414\" href=\"#\"  aria-expanded=\"false\" tabindex=\"0\">\n\t\t<i aria-hidden=\"true\" role=\"presentation\" class=\"ea-expand-icon eap-icon-ea-expand-plus\"><\/i> El veh\u00edculo no est\u00e1 en uso. \u00bfSe debe verificar de todas maneras?\t\t<\/a> <!-- Close anchor tag for header. -->\n\t<\/h3>\t<!-- Close header tag. -->\n\t<!-- Start collapsible content div. -->\n\t<div class=\"sp-collapse spcollapse \" id=\"collapse23414\" data-parent=\"#sp-ea-234\" role=\"region\" aria-labelledby=\"ea-header-23414\">  <!-- Content div. -->\n\t\t<div class=\"ea-body\">\n\t\t<p>No es necesario, la obligatoriedad de la R.T.O. es para circular en la v\u00eda p\u00fablica.<\/p>\n\t\t<\/div> <!-- Close content div. -->\n\t<\/div> <!-- Close collapse div. -->\n<\/div> <!-- Close card div. -->\n<!-- Start accordion card div. -->\n<div class=\"ea-card  sp-ea-single\">\n\t<!-- Start accordion header. -->\n\t<h3 class=\"ea-header\">\n\t\t<!-- Add anchor tag for header. -->\n\t\t<a class=\"collapsed\" id=\"ea-header-23415\" role=\"button\" data-sptoggle=\"spcollapse\" data-sptarget=\"#collapse23415\" aria-controls=\"collapse23415\" href=\"#\"  aria-expanded=\"false\" tabindex=\"0\">\n\t\t<i aria-hidden=\"true\" role=\"presentation\" class=\"ea-expand-icon eap-icon-ea-expand-plus\"><\/i> \u00bfQu\u00e9 tr\u00e1mite debo realizar si extrav\u00edo el Certificado de RTO \u00f3 al romperse el parabrisas se da\u00f1e o pierda la oblea?\t\t<\/a> <!-- Close anchor tag for header. -->\n\t<\/h3>\t<!-- Close header tag. -->\n\t<!-- Start collapsible content div. -->\n\t<div class=\"sp-collapse spcollapse \" id=\"collapse23415\" data-parent=\"#sp-ea-234\" role=\"region\" aria-labelledby=\"ea-header-23415\">  <!-- Content div. -->\n\t\t<div class=\"ea-body\">\n\t\t<p>Se debe realizar una nueva Revisi\u00f3n T\u00e9cnica<\/p>\n\t\t<\/div> <!-- Close content div. -->\n\t<\/div> <!-- Close collapse div. -->\n<\/div> <!-- Close card div. -->\n<!-- Start accordion card div. -->\n<div class=\"ea-card  sp-ea-single\">\n\t<!-- Start accordion header. -->\n\t<h3 class=\"ea-header\">\n\t\t<!-- Add anchor tag for header. -->\n\t\t<a class=\"collapsed\" id=\"ea-header-23416\" role=\"button\" data-sptoggle=\"spcollapse\" data-sptarget=\"#collapse23416\" aria-controls=\"collapse23416\" href=\"#\"  aria-expanded=\"false\" tabindex=\"0\">\n\t\t<i aria-hidden=\"true\" role=\"presentation\" class=\"ea-expand-icon eap-icon-ea-expand-plus\"><\/i> \u00bfPuede el Taller efectuar reparaciones?\t\t<\/a> <!-- Close anchor tag for header. -->\n\t<\/h3>\t<!-- Close header tag. -->\n\t<!-- Start collapsible content div. -->\n\t<div class=\"sp-collapse spcollapse \" id=\"collapse23416\" data-parent=\"#sp-ea-234\" role=\"region\" aria-labelledby=\"ea-header-23416\">  <!-- Content div. -->\n\t\t<div class=\"ea-body\">\n\t\t<p>No, el taller se encuentra inhabilitado para realizar reparaciones en un veh\u00edculo sometido a verificaci\u00f3n.<\/p>\n\t\t<\/div> <!-- Close content div. -->\n\t<\/div> <!-- Close collapse div. -->\n<\/div> <!-- Close card div. -->\n<\/div>\n<\/div>\n<\/div>","protected":false},"excerpt":{"rendered":"","protected":false},"author":1,"featured_media":0,"parent":0,"menu_order":0,"comment_status":"closed","ping_status":"closed","template":"","meta":{"footnotes":""},"class_list":["post-228","page","type-page","status-publish","hentry"],"_links":{"self":[{"href":"https:\/\/tuvsa.com.ar\/web\/index.php\/wp-json\/wp\/v2\/pages\/228","targetHints":{"allow":["GET"]}}],"collection":[{"href":"https:\/\/tuvsa.com.ar\/web\/index.php\/wp-json\/wp\/v2\/pages"}],"about":[{"href":"https:\/\/tuvsa.com.ar\/web\/index.php\/wp-json\/wp\/v2\/types\/page"}],"author":[{"embeddable":true,"href":"https:\/\/tuvsa.com.ar\/web\/index.php\/wp-json\/wp\/v2\/users\/1"}],"replies":[{"embeddable":true,"href":"https:\/\/tuvsa.com.ar\/web\/index.php\/wp-json\/wp\/v2\/comments?post=228"}],"version-history":[{"count":3,"href":"https:\/\/tuvsa.com.ar\/web\/index.php\/wp-json\/wp\/v2\/pages\/228\/revisions"}],"predecessor-version":[{"id":269,"href":"https:\/\/tuvsa.com.ar\/web\/index.php\/wp-json\/wp\/v2\/pages\/228\/revisions\/269"}],"wp:attachment":[{"href":"https:\/\/tuvsa.com.ar\/web\/index.php\/wp-json\/wp\/v2\/media?parent=228"}],"curies":[{"name":"wp","href":"https:\/\/api.w.org\/{rel}","templated":true}]}}