{"id":255,"date":"2024-12-18T13:31:45","date_gmt":"2024-12-18T13:31:45","guid":{"rendered":"https:\/\/tuvsa.com.ar\/web\/?page_id=255"},"modified":"2025-04-30T13:47:37","modified_gmt":"2025-04-30T16:47:37","slug":"contacto","status":"publish","type":"page","link":"https:\/\/tuvsa.com.ar\/web\/index.php\/contacto\/","title":{"rendered":"CONTACTO"},"content":{"rendered":"\n<div style=\"height:33px\" aria-hidden=\"true\" class=\"wp-block-spacer\"><\/div>\n\n\n\n<div class=\"wp-block-columns has-heading-color has-text-color has-link-color wp-elements-dec457b4e34ca341b4083f1690f2b8ad is-layout-flex wp-container-core-columns-is-layout-28f84493 wp-block-columns-is-layout-flex\">\n<div class=\"wp-block-column is-layout-flow wp-block-column-is-layout-flow\">\n<h4 class=\"wp-block-heading has-primary-color has-text-color has-link-color wp-elements-011902423800220ab81f466130233859\">Datos de Contacto<\/h4>\n\n\n\n<figure class=\"wp-block-image alignleft size-full is-resized\"><img loading=\"lazy\" decoding=\"async\" width=\"512\" height=\"512\" src=\"https:\/\/tuvsa.com.ar\/web\/wp-content\/uploads\/2024\/12\/619.png\" alt=\"\" class=\"wp-image-261\" style=\"width:20px;height:auto\" srcset=\"https:\/\/tuvsa.com.ar\/web\/wp-content\/uploads\/2024\/12\/619.png 512w, https:\/\/tuvsa.com.ar\/web\/wp-content\/uploads\/2024\/12\/619-300x300.png 300w, https:\/\/tuvsa.com.ar\/web\/wp-content\/uploads\/2024\/12\/619-150x150.png 150w\" sizes=\"auto, (max-width: 512px) 100vw, 512px\" \/><\/figure>\n\n\n\n<p><strong>Jos\u00e9 G. Artigas 855, C.A.B.A.<\/strong><\/p>\n\n\n\n<figure class=\"wp-block-image alignleft\"><img decoding=\"async\" src=\"https:\/\/tuvsa.com.ar\/web\/wp-content\/themes\/car-repair-blocks\/images\/mail.png\" alt=\"\" class=\"wp-image-115\"\/><\/figure>\n\n\n\n<p><strong>info@tuvsa.com.ar<\/strong><\/p>\n\n\n\n<figure class=\"wp-block-image alignleft\"><img decoding=\"async\" src=\"https:\/\/tuvsa.com.ar\/web\/wp-content\/themes\/car-repair-blocks\/images\/phone.png\" alt=\"\" class=\"wp-image-2127\"\/><\/figure>\n\n\n\n<p><strong>(011) 4633-4842 \/ 4633-7293<\/strong><\/p>\n\n\n\n<figure class=\"wp-block-image alignleft is-resized\"><img loading=\"lazy\" decoding=\"async\" width=\"662\" height=\"664\" src=\"https:\/\/tuvsa.com.ar\/web\/wp-content\/uploads\/2024\/10\/WhatsApp_icon.png\" alt=\"\" class=\"wp-image-115\" style=\"width:24px;height:auto\" srcset=\"https:\/\/tuvsa.com.ar\/web\/wp-content\/uploads\/2024\/10\/WhatsApp_icon.png 662w, https:\/\/tuvsa.com.ar\/web\/wp-content\/uploads\/2024\/10\/WhatsApp_icon-300x300.png 300w, https:\/\/tuvsa.com.ar\/web\/wp-content\/uploads\/2024\/10\/WhatsApp_icon-150x150.png 150w\" sizes=\"auto, (max-width: 662px) 100vw, 662px\" \/><\/figure>\n\n\n\n<p class=\"has-heading-color has-text-color has-link-color wp-elements-c9d436fd1251c16f7990919939d8c679\"><a href=\"https:\/\/wa.me\/1123838703\" target=\"_blank\" rel=\"noreferrer noopener\"><strong>11-2383-8703<\/strong><\/a> o <a href=\"https:\/\/wa.me\/1164898393\"><strong>11-6489-8393<\/strong><\/a><\/p>\n\n\n\n<h4 class=\"wp-block-heading has-primary-color has-text-color has-link-color wp-elements-8eb0e1b94847e1a65491d2226a147680\">Horarios de Atenci\u00f3n<\/h4>\n\n\n\n<p><strong>&#8211; Lunes a viernes: 8.00 a 17.30 hs<br>&#8211; S\u00e1bados: 7.30 a 13.00 hs<\/strong><\/p>\n\n\n\n<h4 class=\"wp-block-heading has-text-align-left has-primary-color has-text-color has-link-color wp-elements-51f86c7eec64bf1d197d3f33e285fe42\">S\u00edguenos<\/h4>\n\n\n\n<figure class=\"wp-block-image alignleft size-full is-resized\"><a href=\"https:\/\/www.instagram.com\/tuvsaok\/\" target=\"_blank\"><img loading=\"lazy\" decoding=\"async\" width=\"84\" height=\"93\" src=\"https:\/\/tuvsa.com.ar\/web\/wp-content\/uploads\/2024\/10\/IG.png\" alt=\"\" class=\"wp-image-411\" style=\"width:45px;height:auto\"\/><\/a><\/figure>\n\n\n\n<figure class=\"wp-block-image alignleft size-full is-resized\"><a href=\"https:\/\/www.youtube.com\/@Tuvsaok\" target=\"_blank\"><img loading=\"lazy\" decoding=\"async\" width=\"84\" height=\"93\" src=\"https:\/\/tuvsa.com.ar\/web\/wp-content\/uploads\/2024\/10\/YT.png\" alt=\"\" class=\"wp-image-412\" style=\"width:45px;height:auto\"\/><\/a><\/figure>\n\n\n\n<figure class=\"wp-block-image alignleft size-full is-resized\"><a href=\"https:\/\/www.tiktok.com\/@tuvsa\" target=\"_blank\"><img loading=\"lazy\" decoding=\"async\" width=\"84\" height=\"93\" src=\"https:\/\/tuvsa.com.ar\/web\/wp-content\/uploads\/2024\/10\/TK.png\" alt=\"\" class=\"wp-image-413\" style=\"width:45px;height:auto\"\/><\/a><\/figure>\n<\/div>\n\n\n\n<div class=\"wp-block-column is-layout-flow wp-block-column-is-layout-flow\">\n<h4 class=\"wp-block-heading has-primary-color has-text-color has-link-color wp-elements-449fe6d6191213750c8394c10684a850\">Escribanos<\/h4>\n\n\n\n<div class=\"wp-block-contact-form-7-contact-form-selector\">\n<div class=\"wpcf7 no-js\" id=\"wpcf7-f5-o1\" lang=\"es-ES\" dir=\"ltr\" data-wpcf7-id=\"5\">\n<div class=\"screen-reader-response\"><p role=\"status\" aria-live=\"polite\" aria-atomic=\"true\"><\/p> <ul><\/ul><\/div>\n<form action=\"\/web\/index.php\/wp-json\/wp\/v2\/pages\/255#wpcf7-f5-o1\" method=\"post\" class=\"wpcf7-form init\" aria-label=\"Formulario de contacto\" novalidate=\"novalidate\" data-status=\"init\">\n<div style=\"display: none;\">\n<input type=\"hidden\" name=\"_wpcf7\" value=\"5\" \/>\n<input type=\"hidden\" name=\"_wpcf7_version\" value=\"6.0.4\" \/>\n<input type=\"hidden\" name=\"_wpcf7_locale\" value=\"es_ES\" \/>\n<input type=\"hidden\" name=\"_wpcf7_unit_tag\" value=\"wpcf7-f5-o1\" \/>\n<input type=\"hidden\" name=\"_wpcf7_container_post\" value=\"0\" \/>\n<input type=\"hidden\" name=\"_wpcf7_posted_data_hash\" value=\"\" \/>\n<\/div>\n<p><label> Tu nombre<br \/>\n<span class=\"wpcf7-form-control-wrap\" data-name=\"your-name\"><input size=\"40\" maxlength=\"400\" class=\"wpcf7-form-control wpcf7-text wpcf7-validates-as-required\" autocomplete=\"name\" aria-required=\"true\" aria-invalid=\"false\" value=\"\" type=\"text\" name=\"your-name\" \/><\/span> <\/label>\n<\/p>\n<p><label> Tu correo electr\u00f3nico<br \/>\n<span class=\"wpcf7-form-control-wrap\" data-name=\"your-email\"><input size=\"40\" maxlength=\"400\" class=\"wpcf7-form-control wpcf7-email wpcf7-validates-as-required wpcf7-text wpcf7-validates-as-email\" autocomplete=\"email\" aria-required=\"true\" aria-invalid=\"false\" value=\"\" type=\"email\" name=\"your-email\" \/><\/span> <\/label>\n<\/p>\n<p><label> Asunto<br \/>\n<span class=\"wpcf7-form-control-wrap\" data-name=\"your-subject\"><input size=\"40\" maxlength=\"400\" class=\"wpcf7-form-control wpcf7-text wpcf7-validates-as-required\" aria-required=\"true\" aria-invalid=\"false\" value=\"\" type=\"text\" name=\"your-subject\" \/><\/span> <\/label>\n<\/p>\n<p><label> Tu mensaje (opcional)<br \/>\n<span class=\"wpcf7-form-control-wrap\" data-name=\"your-message\"><textarea cols=\"40\" rows=\"10\" maxlength=\"2000\" class=\"wpcf7-form-control wpcf7-textarea\" aria-invalid=\"false\" name=\"your-message\"><\/textarea><\/span> <\/label>\n<\/p>\n<p><input type=\"hidden\" name=\"_wpcf7_captcha_challenge_captcha-1\" value=\"1922447117\" \/><img loading=\"lazy\" decoding=\"async\" class=\"wpcf7-form-control wpcf7-captchac wpcf7-captcha-captcha-1\" width=\"72\" height=\"24\" alt=\"captcha\" src=\"https:\/\/tuvsa.com.ar\/web\/wp-content\/uploads\/wpcf7_captcha\/1922447117.png\" \/><span class=\"wpcf7-form-control-wrap\" data-name=\"captcha-1\"><input size=\"40\" class=\"wpcf7-form-control wpcf7-captchar\" autocomplete=\"off\" aria-invalid=\"false\" value=\"\" type=\"text\" name=\"captcha-1\" \/><\/span>\n<\/p>\n<p><input class=\"wpcf7-form-control wpcf7-submit has-spinner\" type=\"submit\" value=\"Enviar\" \/>\n<\/p><p style=\"display: none !important;\" class=\"akismet-fields-container\" data-prefix=\"_wpcf7_ak_\"><label>&#916;<textarea name=\"_wpcf7_ak_hp_textarea\" cols=\"45\" rows=\"8\" maxlength=\"100\"><\/textarea><\/label><input type=\"hidden\" id=\"ak_js_1\" name=\"_wpcf7_ak_js\" value=\"242\"\/><script>document.getElementById( \"ak_js_1\" ).setAttribute( \"value\", ( new Date() ).getTime() );<\/script><\/p><input type='hidden' class='wpcf7-pum' value='{\"closepopup\":false,\"closedelay\":0,\"openpopup\":false,\"openpopup_id\":0}' \/><div class=\"wpcf7-response-output\" aria-hidden=\"true\"><\/div>\n<\/form>\n<\/div>\n<\/div>\n<\/div>\n<\/div>\n\n\n\n<div class=\"wp-block-columns is-layout-flex wp-container-core-columns-is-layout-28f84493 wp-block-columns-is-layout-flex\">\n<div class=\"wp-block-column is-layout-flow wp-block-column-is-layout-flow\" style=\"flex-basis:100%\">\n<div class=\"wp-block-group has-global-padding is-layout-constrained wp-block-group-is-layout-constrained\">\n<h4 class=\"wp-block-heading has-text-align-center has-primary-color has-text-color has-link-color wp-elements-8eb6fa9f77ab73c49a703260344aa8cb\">Ub\u00edquenos<\/h4>\n<\/div>\n<\/div>\n<\/div>\n\n\n\n<div class=\"wp-block-gmap-gmap-block gmap-block-lqo3sst5\"><iframe src=\"https:\/\/maps.google.com\/maps?q=Jos%C3%A9+G.+Artigas+855%2C+C.A.B.A.&amp;z=15&amp;t=roadmap&amp;output=embed\" class=\"embd-map\" title=\"Jos\u00e9 G. Artigas 855, C.A.B.A.\"><\/iframe><\/div>\n","protected":false},"excerpt":{"rendered":"<p>Datos de Contacto Jos\u00e9 G. Artigas 855, C.A.B.A. info@tuvsa.com.ar (011) 4633-4842 \/ 4633-7293 11-2383-8703 o 11-6489-8393 Horarios de Atenci\u00f3n &#8211; Lunes a viernes: 8.00 a 17.30 hs&#8211; S\u00e1bados: 7.30 a 13.00 hs S\u00edguenos Escribanos Ub\u00edquenos<\/p>\n","protected":false},"author":1,"featured_media":0,"parent":0,"menu_order":0,"comment_status":"closed","ping_status":"closed","template":"","meta":{"footnotes":""},"class_list":["post-255","page","type-page","status-publish","hentry"],"_links":{"self":[{"href":"https:\/\/tuvsa.com.ar\/web\/index.php\/wp-json\/wp\/v2\/pages\/255","targetHints":{"allow":["GET"]}}],"collection":[{"href":"https:\/\/tuvsa.com.ar\/web\/index.php\/wp-json\/wp\/v2\/pages"}],"about":[{"href":"https:\/\/tuvsa.com.ar\/web\/index.php\/wp-json\/wp\/v2\/types\/page"}],"author":[{"embeddable":true,"href":"https:\/\/tuvsa.com.ar\/web\/index.php\/wp-json\/wp\/v2\/users\/1"}],"replies":[{"embeddable":true,"href":"https:\/\/tuvsa.com.ar\/web\/index.php\/wp-json\/wp\/v2\/comments?post=255"}],"version-history":[{"count":12,"href":"https:\/\/tuvsa.com.ar\/web\/index.php\/wp-json\/wp\/v2\/pages\/255\/revisions"}],"predecessor-version":[{"id":422,"href":"https:\/\/tuvsa.com.ar\/web\/index.php\/wp-json\/wp\/v2\/pages\/255\/revisions\/422"}],"wp:attachment":[{"href":"https:\/\/tuvsa.com.ar\/web\/index.php\/wp-json\/wp\/v2\/media?parent=255"}],"curies":[{"name":"wp","href":"https:\/\/api.w.org\/{rel}","templated":true}]}}