{"id":271,"date":"2024-12-18T14:40:24","date_gmt":"2024-12-18T14:40:24","guid":{"rendered":"https:\/\/tuvsa.com.ar\/web\/?page_id=271"},"modified":"2024-12-27T21:21:06","modified_gmt":"2024-12-27T21:21:06","slug":"revision","status":"publish","type":"page","link":"https:\/\/tuvsa.com.ar\/web\/index.php\/revision\/","title":{"rendered":"REVISI\u00d3N"},"content":{"rendered":"\n<div style=\"height:33px\" aria-hidden=\"true\" class=\"wp-block-spacer\"><\/div>\n\n\n\n<h2 class=\"wp-block-heading has-primary-color has-text-color has-link-color has-extra-large-font-size wp-elements-1e771700b509132efe62271b3f3cd328\"><strong>PASO A PASO DE RTO<\/strong><\/h2>\n\n\n\n<div class=\"wp-block-buttons is-content-justification-space-between is-layout-flex wp-container-core-buttons-is-layout-74b018bc wp-block-buttons-is-layout-flex\">\n<div class=\"wp-block-button\"><a class=\"wp-block-button__link wp-element-button\" href=\"https:\/\/tuvsa.com.ar\/web\/index.php\/contacto\/\"><strong>1- SOLICITAR TURNO<\/strong><\/a><\/div>\n<\/div>\n\n\n\n<p class=\"has-regular-font-size\">2- Acercarse a <strong>Artigas 855<\/strong> en horario de su turno lugar donde encontrara la oficina de Atenci\u00f3n al Cliente y se le va a solicitar la documentaci\u00f3n correspondiente para realizar la RTO.<\/p>\n\n\n\n<p class=\"has-regular-font-size\">3- Regresar a su veh\u00edculo y aguardar que se le indique que ingrese a la l\u00ednea de Inspecci\u00f3n asignada<\/p>\n\n\n\n<p class=\"has-regular-font-size\">4- Al finalizar la revisi\u00f3n se le indicara que ya se encuentra listo el resultado de su veh\u00edculo para que vaya a retirar la documentaci\u00f3n que correspondiera a la oficina de Administraci\u00f3n<\/p>\n\n\n\n<div style=\"height:33px\" aria-hidden=\"true\" class=\"wp-block-spacer\"><\/div>\n\n\n\n<figure class=\"wp-block-embed is-type-video is-provider-youtube wp-block-embed-youtube wp-embed-aspect-16-9 wp-has-aspect-ratio\"><div class=\"wp-block-embed__wrapper\">\n<iframe loading=\"lazy\" title=\"Revisi\u00f3n T\u00e9cnica Obligatoria\" width=\"500\" height=\"281\" src=\"https:\/\/www.youtube.com\/embed\/bbEkXBdUOlU?feature=oembed\" frameborder=\"0\" allow=\"accelerometer; autoplay; clipboard-write; encrypted-media; gyroscope; picture-in-picture; web-share\" referrerpolicy=\"strict-origin-when-cross-origin\" allowfullscreen><\/iframe>\n<\/div><\/figure>\n","protected":false},"excerpt":{"rendered":"<p>PASO A PASO DE RTO 2- Acercarse a Artigas 855 en horario de su turno lugar donde encontrara la oficina de Atenci\u00f3n al Cliente y se le va a solicitar la documentaci\u00f3n correspondiente para realizar la RTO. 3- Regresar a su veh\u00edculo y aguardar que se le indique que ingrese a la l\u00ednea de Inspecci\u00f3n [&hellip;]<\/p>\n","protected":false},"author":1,"featured_media":0,"parent":0,"menu_order":0,"comment_status":"closed","ping_status":"closed","template":"","meta":{"footnotes":""},"class_list":["post-271","page","type-page","status-publish","hentry"],"_links":{"self":[{"href":"https:\/\/tuvsa.com.ar\/web\/index.php\/wp-json\/wp\/v2\/pages\/271","targetHints":{"allow":["GET"]}}],"collection":[{"href":"https:\/\/tuvsa.com.ar\/web\/index.php\/wp-json\/wp\/v2\/pages"}],"about":[{"href":"https:\/\/tuvsa.com.ar\/web\/index.php\/wp-json\/wp\/v2\/types\/page"}],"author":[{"embeddable":true,"href":"https:\/\/tuvsa.com.ar\/web\/index.php\/wp-json\/wp\/v2\/users\/1"}],"replies":[{"embeddable":true,"href":"https:\/\/tuvsa.com.ar\/web\/index.php\/wp-json\/wp\/v2\/comments?post=271"}],"version-history":[{"count":10,"href":"https:\/\/tuvsa.com.ar\/web\/index.php\/wp-json\/wp\/v2\/pages\/271\/revisions"}],"predecessor-version":[{"id":467,"href":"https:\/\/tuvsa.com.ar\/web\/index.php\/wp-json\/wp\/v2\/pages\/271\/revisions\/467"}],"wp:attachment":[{"href":"https:\/\/tuvsa.com.ar\/web\/index.php\/wp-json\/wp\/v2\/media?parent=271"}],"curies":[{"name":"wp","href":"https:\/\/api.w.org\/{rel}","templated":true}]}}