{"id":313,"date":"2024-12-26T22:51:24","date_gmt":"2024-12-26T22:51:24","guid":{"rendered":"https:\/\/tuvsa.com.ar\/web\/?page_id=313"},"modified":"2024-12-27T20:37:37","modified_gmt":"2024-12-27T20:37:37","slug":"revision-tecnica-obligatoria-nacional-de-vehiculos-particulares-no-radicados-encaba-buenos-aires-ni-mendoza","status":"publish","type":"page","link":"https:\/\/tuvsa.com.ar\/web\/index.php\/revision-tecnica-obligatoria-nacional-de-vehiculos-particulares-no-radicados-encaba-buenos-aires-ni-mendoza\/","title":{"rendered":"Revisi\u00f3n t\u00e9cnica Obligatoria Nacional de veh\u00edculos particulares no radicados en CABA, Buenos Aires ni Mendoza."},"content":{"rendered":"\n<div style=\"height:33px\" aria-hidden=\"true\" class=\"wp-block-spacer\"><\/div>\n\n\n\n<h4 class=\"wp-block-heading\"><strong><u>Requisitos para realizar RTO (Revisi\u00f3n T\u00e9cnica Obligatoria<\/u><\/strong>)<\/h4>\n\n\n\n<p>AUTOS PARTICULARES (No radicados en CABA, Prov. De Buenos Aires o Mendoza)<\/p>\n\n\n\n<figure class=\"wp-block-image alignleft size-large is-resized\"><img loading=\"lazy\" decoding=\"async\" width=\"1024\" height=\"1012\" src=\"https:\/\/tuvsa.com.ar\/web\/wp-content\/uploads\/2024\/12\/4-1024x1012.jpg\" alt=\"\" class=\"wp-image-302\" style=\"width:503px;height:auto\" srcset=\"https:\/\/tuvsa.com.ar\/web\/wp-content\/uploads\/2024\/12\/4-1024x1012.jpg 1024w, https:\/\/tuvsa.com.ar\/web\/wp-content\/uploads\/2024\/12\/4-300x296.jpg 300w, https:\/\/tuvsa.com.ar\/web\/wp-content\/uploads\/2024\/12\/4-768x759.jpg 768w, https:\/\/tuvsa.com.ar\/web\/wp-content\/uploads\/2024\/12\/4.jpg 1080w\" sizes=\"auto, (max-width: 1024px) 100vw, 1024px\" \/><\/figure>\n\n\n\n<ul class=\"wp-block-list\">\n<li style=\"margin-top:var(--wp--preset--spacing--40);margin-bottom:var(--wp--preset--spacing--40)\"><strong>FOTO DE LA OBLEA O SIMILAR<\/strong><\/li>\n\n\n\n<li style=\"margin-top:var(--wp--preset--spacing--40);margin-bottom:var(--wp--preset--spacing--40);text-transform:uppercase\"><strong>C\u00e9dula Verde<\/strong><\/li>\n\n\n\n<li style=\"text-transform:uppercase\"><strong>Revisi\u00f3n t\u00e9cnica anterior o t\u00edtulo de propiedad automotor<\/strong><\/li>\n<\/ul>\n\n\n\n<p class=\"has-text-align-center has-primary-color has-text-color has-link-color wp-elements-8dc933699054db9586429bb3745844c8\" style=\"text-transform:uppercase\"><strong>(S\u00f3lo se abona si la revisi\u00f3n de su veh\u00edculo est\u00e1 aprobada, caso contrario los t\u00e9cnicos entregar\u00e1n un informe con las anomal\u00edas encontradas)<\/strong><\/p>\n\n\n\n<div style=\"height:50px\" aria-hidden=\"true\" class=\"wp-block-spacer\"><\/div>\n\n\n\n<h3 class=\"wp-block-heading has-primary-color has-text-color has-link-color wp-elements-b713aea4dedf16b379ad9a2e4f6d0056\"><strong>QUE SE REVISA<\/strong><\/h3>\n\n\n\n<h5 class=\"wp-block-heading\"><strong>TREN DELANTERO, TRASERO Y SUSPENSI\u00d3N<\/strong><\/h5>\n\n\n\n<div class=\"wp-block-group has-global-padding is-layout-constrained wp-block-group-is-layout-constrained\">\n<figure class=\"wp-block-image alignleft size-full is-resized\"><img loading=\"lazy\" decoding=\"async\" width=\"1024\" height=\"1024\" src=\"https:\/\/tuvsa.com.ar\/web\/wp-content\/uploads\/2024\/12\/11-1024x1024-1.png\" alt=\"\" class=\"wp-image-393\" style=\"width:386px;height:auto\" srcset=\"https:\/\/tuvsa.com.ar\/web\/wp-content\/uploads\/2024\/12\/11-1024x1024-1.png 1024w, https:\/\/tuvsa.com.ar\/web\/wp-content\/uploads\/2024\/12\/11-1024x1024-1-300x300.png 300w, https:\/\/tuvsa.com.ar\/web\/wp-content\/uploads\/2024\/12\/11-1024x1024-1-150x150.png 150w, https:\/\/tuvsa.com.ar\/web\/wp-content\/uploads\/2024\/12\/11-1024x1024-1-768x768.png 768w\" sizes=\"auto, (max-width: 1024px) 100vw, 1024px\" \/><\/figure>\n<\/div>\n\n\n\n<ul class=\"wp-block-list\">\n<li style=\"margin-top:var(--wp--preset--spacing--40);margin-bottom:var(--wp--preset--spacing--40);text-transform:uppercase\">Barras estabilizadoras y Tensoras<\/li>\n\n\n\n<li style=\"margin-top:var(--wp--preset--spacing--40);margin-bottom:var(--wp--preset--spacing--40);text-transform:uppercase\">Rodamientos de Rueda<\/li>\n\n\n\n<li style=\"margin-top:var(--wp--preset--spacing--40);margin-bottom:var(--wp--preset--spacing--40);text-transform:uppercase\">Resortes<\/li>\n\n\n\n<li style=\"margin-top:var(--wp--preset--spacing--40);margin-bottom:var(--wp--preset--spacing--40);text-transform:uppercase\">El\u00e1sticos<\/li>\n\n\n\n<li style=\"margin-top:var(--wp--preset--spacing--40);margin-bottom:var(--wp--preset--spacing--40);text-transform:uppercase\">Pulmones<\/li>\n\n\n\n<li style=\"margin-top:var(--wp--preset--spacing--40);margin-bottom:var(--wp--preset--spacing--40);text-transform:uppercase\">Bujes<\/li>\n\n\n\n<li style=\"margin-top:var(--wp--preset--spacing--40);margin-bottom:var(--wp--preset--spacing--40);text-transform:uppercase\">Parrillas<\/li>\n\n\n\n<li style=\"margin-top:var(--wp--preset--spacing--40);margin-bottom:var(--wp--preset--spacing--40);text-transform:uppercase\">R\u00f3tulas<\/li>\n\n\n\n<li style=\"margin-top:var(--wp--preset--spacing--40);margin-bottom:var(--wp--preset--spacing--40);text-transform:uppercase\">Amortiguadores<\/li>\n\n\n\n<li style=\"margin-top:var(--wp--preset--spacing--40);margin-bottom:var(--wp--preset--spacing--40);text-transform:uppercase\">Mazas<\/li>\n<\/ul>\n\n\n\n<div style=\"height:33px\" aria-hidden=\"true\" class=\"wp-block-spacer\"><\/div>\n\n\n\n<h5 class=\"wp-block-heading\">SISTEMA DE DIRECCI\u00d3N<\/h5>\n\n\n\n<figure class=\"wp-block-image alignleft size-full is-resized\"><img loading=\"lazy\" decoding=\"async\" width=\"1024\" height=\"1024\" src=\"https:\/\/tuvsa.com.ar\/web\/wp-content\/uploads\/2024\/12\/12-1024x1024-1.png\" alt=\"\" class=\"wp-image-395\" style=\"width:387px;height:auto\" srcset=\"https:\/\/tuvsa.com.ar\/web\/wp-content\/uploads\/2024\/12\/12-1024x1024-1.png 1024w, https:\/\/tuvsa.com.ar\/web\/wp-content\/uploads\/2024\/12\/12-1024x1024-1-300x300.png 300w, https:\/\/tuvsa.com.ar\/web\/wp-content\/uploads\/2024\/12\/12-1024x1024-1-150x150.png 150w, https:\/\/tuvsa.com.ar\/web\/wp-content\/uploads\/2024\/12\/12-1024x1024-1-768x768.png 768w\" sizes=\"auto, (max-width: 1024px) 100vw, 1024px\" \/><\/figure>\n\n\n\n<ul class=\"wp-block-list\">\n<li style=\"margin-top:var(--wp--preset--spacing--40);margin-bottom:var(--wp--preset--spacing--40);text-transform:uppercase\">Volante<\/li>\n\n\n\n<li style=\"margin-top:var(--wp--preset--spacing--40);margin-bottom:var(--wp--preset--spacing--40);text-transform:uppercase\">Columna<\/li>\n\n\n\n<li style=\"margin-top:var(--wp--preset--spacing--40);margin-bottom:var(--wp--preset--spacing--40);text-transform:uppercase\">Caja de Direcci\u00f3n<\/li>\n\n\n\n<li style=\"margin-top:var(--wp--preset--spacing--40);margin-bottom:var(--wp--preset--spacing--40);text-transform:uppercase\">Barras<\/li>\n\n\n\n<li style=\"margin-top:var(--wp--preset--spacing--40);margin-bottom:var(--wp--preset--spacing--40);text-transform:uppercase\">Brazos<\/li>\n\n\n\n<li style=\"margin-top:var(--wp--preset--spacing--40);margin-bottom:var(--wp--preset--spacing--40);text-transform:uppercase\">Extremos<\/li>\n\n\n\n<li style=\"margin-top:var(--wp--preset--spacing--40);margin-bottom:var(--wp--preset--spacing--40);text-transform:uppercase\">Alineaci\u00f3n<\/li>\n\n\n\n<li style=\"margin-top:var(--wp--preset--spacing--40);margin-bottom:var(--wp--preset--spacing--40);text-transform:uppercase\">Punta de Eje<\/li>\n<\/ul>\n\n\n\n<div style=\"height:33px\" aria-hidden=\"true\" class=\"wp-block-spacer\"><\/div>\n\n\n\n<h5 class=\"wp-block-heading\">CHASIS, SISTEMAS DE TRANSMISI\u00d3N Y ESCAPE<\/h5>\n\n\n\n<div class=\"wp-block-group is-nowrap is-layout-flex wp-container-core-group-is-layout-6c531013 wp-block-group-is-layout-flex\">\n<div class=\"wp-block-columns is-layout-flex wp-container-core-columns-is-layout-28f84493 wp-block-columns-is-layout-flex\">\n<div class=\"wp-block-column is-layout-flow wp-block-column-is-layout-flow\">\n<figure class=\"wp-block-image alignleft size-full is-resized\"><img loading=\"lazy\" decoding=\"async\" width=\"1024\" height=\"1024\" src=\"https:\/\/tuvsa.com.ar\/web\/wp-content\/uploads\/2024\/12\/13-1024x1024-1.png\" alt=\"\" class=\"wp-image-396\" style=\"width:339px;height:auto\" srcset=\"https:\/\/tuvsa.com.ar\/web\/wp-content\/uploads\/2024\/12\/13-1024x1024-1.png 1024w, https:\/\/tuvsa.com.ar\/web\/wp-content\/uploads\/2024\/12\/13-1024x1024-1-300x300.png 300w, https:\/\/tuvsa.com.ar\/web\/wp-content\/uploads\/2024\/12\/13-1024x1024-1-150x150.png 150w, https:\/\/tuvsa.com.ar\/web\/wp-content\/uploads\/2024\/12\/13-1024x1024-1-768x768.png 768w\" sizes=\"auto, (max-width: 1024px) 100vw, 1024px\" \/><\/figure>\n<\/div>\n\n\n\n<div class=\"wp-block-column is-layout-flow wp-block-column-is-layout-flow\">\n<ul class=\"wp-block-list\">\n<li style=\"margin-top:var(--wp--preset--spacing--40);margin-bottom:var(--wp--preset--spacing--40);text-transform:uppercase\">Identificaci\u00f3n del chasis<\/li>\n\n\n\n<li style=\"margin-top:var(--wp--preset--spacing--40);margin-bottom:var(--wp--preset--spacing--40);text-transform:uppercase\">Dep\u00f3sito de combustible<\/li>\n\n\n\n<li style=\"margin-top:var(--wp--preset--spacing--40);margin-bottom:var(--wp--preset--spacing--40);text-transform:uppercase\">Caja de Velocidades y Cardan<\/li>\n\n\n\n<li style=\"margin-top:var(--wp--preset--spacing--40);margin-bottom:var(--wp--preset--spacing--40);text-transform:uppercase\">Tubo de escape y Silenciadores<\/li>\n\n\n\n<li style=\"margin-top:var(--wp--preset--spacing--40);margin-bottom:var(--wp--preset--spacing--40);text-transform:uppercase\">Estado General<\/li>\n\n\n\n<li style=\"margin-top:var(--wp--preset--spacing--40);margin-bottom:var(--wp--preset--spacing--40);text-transform:uppercase\">Soportes<\/li>\n\n\n\n<li style=\"margin-top:var(--wp--preset--spacing--40);margin-bottom:var(--wp--preset--spacing--40);text-transform:uppercase\">Ca\u00f1er\u00edas<\/li>\n\n\n\n<li style=\"margin-top:var(--wp--preset--spacing--40);margin-bottom:var(--wp--preset--spacing--40);text-transform:uppercase\">Deformaciones<\/li>\n\n\n\n<li style=\"margin-top:var(--wp--preset--spacing--40);margin-bottom:var(--wp--preset--spacing--40);text-transform:uppercase\">Corrosi\u00f3n<\/li>\n<\/ul>\n<\/div>\n<\/div>\n<\/div>\n\n\n\n<div style=\"height:33px\" aria-hidden=\"true\" class=\"wp-block-spacer\"><\/div>\n\n\n\n<h5 class=\"wp-block-heading\">FRENOS<\/h5>\n\n\n\n<div class=\"wp-block-group is-nowrap is-layout-flex wp-container-core-group-is-layout-6c531013 wp-block-group-is-layout-flex\">\n<div class=\"wp-block-columns is-layout-flex wp-container-core-columns-is-layout-28f84493 wp-block-columns-is-layout-flex\">\n<div class=\"wp-block-column is-layout-flow wp-block-column-is-layout-flow\">\n<figure class=\"wp-block-image aligncenter size-full is-resized\"><img loading=\"lazy\" decoding=\"async\" width=\"1024\" height=\"1024\" src=\"https:\/\/tuvsa.com.ar\/web\/wp-content\/uploads\/2024\/12\/14-1024x1024-1.png\" alt=\"\" class=\"wp-image-397\" style=\"width:362px;height:auto\" srcset=\"https:\/\/tuvsa.com.ar\/web\/wp-content\/uploads\/2024\/12\/14-1024x1024-1.png 1024w, https:\/\/tuvsa.com.ar\/web\/wp-content\/uploads\/2024\/12\/14-1024x1024-1-300x300.png 300w, https:\/\/tuvsa.com.ar\/web\/wp-content\/uploads\/2024\/12\/14-1024x1024-1-150x150.png 150w, https:\/\/tuvsa.com.ar\/web\/wp-content\/uploads\/2024\/12\/14-1024x1024-1-768x768.png 768w\" sizes=\"auto, (max-width: 1024px) 100vw, 1024px\" \/><\/figure>\n<\/div>\n<\/div>\n\n\n\n<ul class=\"wp-block-list\">\n<li style=\"margin-top:var(--wp--preset--spacing--40);margin-bottom:var(--wp--preset--spacing--40);text-transform:uppercase\">Eficiencia y Diferencia en todos los ejes<\/li>\n\n\n\n<li style=\"margin-top:var(--wp--preset--spacing--40);margin-bottom:var(--wp--preset--spacing--40);text-transform:uppercase\">Estado General del sistema<\/li>\n\n\n\n<li style=\"margin-top:var(--wp--preset--spacing--40);margin-bottom:var(--wp--preset--spacing--40);text-transform:uppercase\">P\u00e9rdidas<\/li>\n\n\n\n<li style=\"margin-top:var(--wp--preset--spacing--40);margin-bottom:var(--wp--preset--spacing--40);text-transform:uppercase\">Ovalidad<\/li>\n\n\n\n<li style=\"margin-top:var(--wp--preset--spacing--40);margin-bottom:var(--wp--preset--spacing--40);text-transform:uppercase\">Desgastes<\/li>\n\n\n\n<li style=\"margin-top:var(--wp--preset--spacing--40);margin-bottom:var(--wp--preset--spacing--40);text-transform:uppercase\">Freno de mano<\/li>\n<\/ul>\n<\/div>\n\n\n\n<div style=\"height:33px\" aria-hidden=\"true\" class=\"wp-block-spacer\"><\/div>\n\n\n\n<h5 class=\"wp-block-heading\">CARROCER\u00cdA Y NEUM\u00c1TICOS<\/h5>\n\n\n\n<div class=\"wp-block-group is-nowrap is-layout-flex wp-container-core-group-is-layout-6c531013 wp-block-group-is-layout-flex\">\n<div class=\"wp-block-columns is-layout-flex wp-container-core-columns-is-layout-28f84493 wp-block-columns-is-layout-flex\">\n<div class=\"wp-block-column is-layout-flow wp-block-column-is-layout-flow\">\n<div class=\"wp-block-group is-layout-flex wp-block-group-is-layout-flex\">\n<div class=\"wp-block-group has-global-padding is-layout-constrained wp-block-group-is-layout-constrained\">\n<figure class=\"wp-block-image alignleft size-full is-resized\"><img loading=\"lazy\" decoding=\"async\" width=\"1024\" height=\"1024\" src=\"https:\/\/tuvsa.com.ar\/web\/wp-content\/uploads\/2024\/12\/15-1024x1024-1.png\" alt=\"\" class=\"wp-image-399\" style=\"width:338px;height:auto\" srcset=\"https:\/\/tuvsa.com.ar\/web\/wp-content\/uploads\/2024\/12\/15-1024x1024-1.png 1024w, https:\/\/tuvsa.com.ar\/web\/wp-content\/uploads\/2024\/12\/15-1024x1024-1-300x300.png 300w, https:\/\/tuvsa.com.ar\/web\/wp-content\/uploads\/2024\/12\/15-1024x1024-1-150x150.png 150w, https:\/\/tuvsa.com.ar\/web\/wp-content\/uploads\/2024\/12\/15-1024x1024-1-768x768.png 768w\" sizes=\"auto, (max-width: 1024px) 100vw, 1024px\" \/><\/figure>\n<\/div>\n\n\n\n<ul class=\"wp-block-list\">\n<li style=\"margin-top:var(--wp--preset--spacing--40);margin-bottom:var(--wp--preset--spacing--40);text-transform:uppercase\">Estado general exterior e interior<\/li>\n\n\n\n<li style=\"margin-top:var(--wp--preset--spacing--40);margin-bottom:var(--wp--preset--spacing--40);text-transform:uppercase\">Estado general de neum\u00e1ticos y llantas<\/li>\n\n\n\n<li style=\"margin-top:var(--wp--preset--spacing--40);margin-bottom:var(--wp--preset--spacing--40);text-transform:uppercase\">Instrumentos<\/li>\n\n\n\n<li style=\"margin-top:var(--wp--preset--spacing--40);margin-bottom:var(--wp--preset--spacing--40);text-transform:uppercase\">Accesorios<\/li>\n\n\n\n<li style=\"margin-top:var(--wp--preset--spacing--40);margin-bottom:var(--wp--preset--spacing--40);text-transform:uppercase\">Cinturones de seguridad<\/li>\n\n\n\n<li style=\"margin-top:var(--wp--preset--spacing--40);margin-bottom:var(--wp--preset--spacing--40);text-transform:uppercase\">Matafuego<\/li>\n<\/ul>\n<\/div>\n<\/div>\n<\/div>\n<\/div>\n\n\n\n<div style=\"height:33px\" aria-hidden=\"true\" class=\"wp-block-spacer\"><\/div>\n\n\n\n<h5 class=\"wp-block-heading\">COMBUSTI\u00d3N<\/h5>\n\n\n\n<figure class=\"wp-block-image alignleft size-full is-resized\"><img loading=\"lazy\" decoding=\"async\" width=\"1024\" height=\"1024\" src=\"https:\/\/tuvsa.com.ar\/web\/wp-content\/uploads\/2024\/12\/16-1024x1024-1.png\" alt=\"\" class=\"wp-image-400\" style=\"width:364px;height:auto\" srcset=\"https:\/\/tuvsa.com.ar\/web\/wp-content\/uploads\/2024\/12\/16-1024x1024-1.png 1024w, https:\/\/tuvsa.com.ar\/web\/wp-content\/uploads\/2024\/12\/16-1024x1024-1-300x300.png 300w, https:\/\/tuvsa.com.ar\/web\/wp-content\/uploads\/2024\/12\/16-1024x1024-1-150x150.png 150w, https:\/\/tuvsa.com.ar\/web\/wp-content\/uploads\/2024\/12\/16-1024x1024-1-768x768.png 768w\" sizes=\"auto, (max-width: 1024px) 100vw, 1024px\" \/><\/figure>\n\n\n\n<div class=\"wp-block-group is-nowrap is-layout-flex wp-container-core-group-is-layout-6c531013 wp-block-group-is-layout-flex\">\n<div class=\"wp-block-columns is-layout-flex wp-container-core-columns-is-layout-28f84493 wp-block-columns-is-layout-flex\">\n<div class=\"wp-block-column is-layout-flow wp-block-column-is-layout-flow\">\n<ul class=\"wp-block-list\">\n<li style=\"margin-top:var(--wp--preset--spacing--40);margin-bottom:var(--wp--preset--spacing--40);text-transform:uppercase\">Medici\u00f3n de Humo en Motores Diesel<\/li>\n\n\n\n<li style=\"margin-top:var(--wp--preset--spacing--40);margin-bottom:var(--wp--preset--spacing--40);text-transform:uppercase\">Valores de CO e HC en Motores Nafteros<\/li>\n<\/ul>\n<\/div>\n<\/div>\n<\/div>\n\n\n\n<div style=\"height:33px\" aria-hidden=\"true\" class=\"wp-block-spacer\"><\/div>\n\n\n\n<h5 class=\"wp-block-heading\">LUCES<\/h5>\n\n\n\n<div class=\"wp-block-group is-nowrap is-layout-flex wp-container-core-group-is-layout-6c531013 wp-block-group-is-layout-flex\">\n<div class=\"wp-block-columns is-layout-flex wp-container-core-columns-is-layout-28f84493 wp-block-columns-is-layout-flex\">\n<div class=\"wp-block-column is-layout-flow wp-block-column-is-layout-flow\">\n<figure class=\"wp-block-image alignleft size-full is-resized\"><img loading=\"lazy\" decoding=\"async\" width=\"1024\" height=\"1024\" src=\"https:\/\/tuvsa.com.ar\/web\/wp-content\/uploads\/2024\/12\/17-1024x1024-1.png\" alt=\"\" class=\"wp-image-401\" style=\"width:404px;height:auto\" srcset=\"https:\/\/tuvsa.com.ar\/web\/wp-content\/uploads\/2024\/12\/17-1024x1024-1.png 1024w, https:\/\/tuvsa.com.ar\/web\/wp-content\/uploads\/2024\/12\/17-1024x1024-1-300x300.png 300w, https:\/\/tuvsa.com.ar\/web\/wp-content\/uploads\/2024\/12\/17-1024x1024-1-150x150.png 150w, https:\/\/tuvsa.com.ar\/web\/wp-content\/uploads\/2024\/12\/17-1024x1024-1-768x768.png 768w\" sizes=\"auto, (max-width: 1024px) 100vw, 1024px\" \/><\/figure>\n<\/div>\n\n\n\n<div class=\"wp-block-column is-layout-flow wp-block-column-is-layout-flow\">\n<ul class=\"wp-block-list\">\n<li style=\"margin-top:var(--wp--preset--spacing--40);margin-bottom:var(--wp--preset--spacing--40);text-transform:uppercase\">Alineaci\u00f3n y Estado de Faros<\/li>\n\n\n\n<li style=\"margin-top:var(--wp--preset--spacing--40);margin-bottom:var(--wp--preset--spacing--40);text-transform:uppercase\">Bater\u00eda e Instalaci\u00f3n El\u00e9ctrica<\/li>\n\n\n\n<li style=\"margin-top:var(--wp--preset--spacing--40);margin-bottom:var(--wp--preset--spacing--40);text-transform:uppercase\">Sistema de luces en general<\/li>\n\n\n\n<li style=\"margin-top:var(--wp--preset--spacing--40);margin-bottom:var(--wp--preset--spacing--40);text-transform:uppercase\">Balizas<\/li>\n\n\n\n<li style=\"margin-top:var(--wp--preset--spacing--40);margin-bottom:var(--wp--preset--spacing--40);text-transform:uppercase\">Stop<\/li>\n\n\n\n<li style=\"margin-top:var(--wp--preset--spacing--40);margin-bottom:var(--wp--preset--spacing--40);text-transform:uppercase\">Altas<\/li>\n\n\n\n<li style=\"margin-top:var(--wp--preset--spacing--40);margin-bottom:var(--wp--preset--spacing--40);text-transform:uppercase\">Bajas<\/li>\n\n\n\n<li style=\"margin-top:var(--wp--preset--spacing--40);margin-bottom:var(--wp--preset--spacing--40);text-transform:uppercase\">Reglamentarias<\/li>\n\n\n\n<li style=\"margin-top:var(--wp--preset--spacing--40);margin-bottom:var(--wp--preset--spacing--40);text-transform:uppercase\">Giros<\/li>\n<\/ul>\n<\/div>\n<\/div>\n<\/div>\n\n\n\n<div style=\"height:33px\" aria-hidden=\"true\" class=\"wp-block-spacer\"><\/div>\n\n\n\n<h3 class=\"wp-block-heading\"><strong>MATAFUEGOS<\/strong><\/h3>\n\n\n\n<div style=\"height:33px\" aria-hidden=\"true\" class=\"wp-block-spacer\"><\/div>\n\n\n\n<div class=\"wp-block-columns is-layout-flex wp-container-core-columns-is-layout-28f84493 wp-block-columns-is-layout-flex\">\n<div class=\"wp-block-column is-layout-flow wp-block-column-is-layout-flow\">\n<figure class=\"wp-block-image size-full\"><img loading=\"lazy\" decoding=\"async\" width=\"602\" height=\"436\" src=\"https:\/\/tuvsa.com.ar\/web\/wp-content\/uploads\/2024\/12\/18.jpg\" alt=\"\" class=\"wp-image-379\" srcset=\"https:\/\/tuvsa.com.ar\/web\/wp-content\/uploads\/2024\/12\/18.jpg 602w, https:\/\/tuvsa.com.ar\/web\/wp-content\/uploads\/2024\/12\/18-300x217.jpg 300w\" sizes=\"auto, (max-width: 602px) 100vw, 602px\" \/><\/figure>\n<\/div>\n<\/div>\n\n\n\n<div style=\"height:33px\" aria-hidden=\"true\" class=\"wp-block-spacer\"><\/div>\n\n\n\n<h3 class=\"wp-block-heading\">BANDAS REFLECTIVAS<\/h3>\n\n\n\n<div style=\"height:33px\" aria-hidden=\"true\" class=\"wp-block-spacer\"><\/div>\n\n\n\n<div class=\"wp-block-columns is-layout-flex wp-container-core-columns-is-layout-28f84493 wp-block-columns-is-layout-flex\">\n<div class=\"wp-block-column is-layout-flow wp-block-column-is-layout-flow\">\n<ul style=\"text-transform:uppercase\" class=\"wp-block-list\">\n<li>Bandas reflectivas<\/li>\n<\/ul>\n\n\n\n<ul style=\"text-transform:uppercase\" class=\"wp-block-list\">\n<li>Delanteras: 2 tramos de blanco.<\/li>\n<\/ul>\n\n\n\n<ul style=\"text-transform:uppercase\" class=\"wp-block-list\">\n<li>Laterales color Blanco<\/li>\n<\/ul>\n\n\n\n<ul style=\"text-transform:uppercase\" class=\"wp-block-list\">\n<li>Traseras: 2 tramos de rojo y c\u00edrculo de velocidad m\u00e1xima (m\u00e1s de 3500 kg circulo de 80, menos de 3500kg circulo de 110)<\/li>\n<\/ul>\n\n\n\n<p style=\"text-transform:uppercase\"><strong>Observa el detalle a continuaci\u00f3n:<\/strong><\/p>\n\n\n\n<p><strong>Las placas o bandas deber\u00e1n ser retro-reflectantes, de color rojo y blanco alternativo. El nivel de retrorreflexi\u00f3n se ajustar\u00e1, como m\u00ednimo, a los coeficientes de la norma IRAM 3952\/84 de alta performance, seg\u00fan sus m\u00e9todos de ensayo. Las bandas retro-reflectivas deben satisfacer las siguientes condiciones:<\/strong><\/p>\n<\/div>\n<\/div>\n\n\n\n<div class=\"wp-block-group is-nowrap is-layout-flex wp-container-core-group-is-layout-6c531013 wp-block-group-is-layout-flex\">\n<figure class=\"wp-block-image aligncenter size-full is-resized\" style=\"margin-top:var(--wp--preset--spacing--50);margin-bottom:var(--wp--preset--spacing--50)\"><img loading=\"lazy\" decoding=\"async\" width=\"472\" height=\"288\" src=\"https:\/\/tuvsa.com.ar\/web\/wp-content\/uploads\/2024\/12\/19.jpg\" alt=\"\" class=\"wp-image-380\" style=\"width:560px;height:auto\" srcset=\"https:\/\/tuvsa.com.ar\/web\/wp-content\/uploads\/2024\/12\/19.jpg 472w, https:\/\/tuvsa.com.ar\/web\/wp-content\/uploads\/2024\/12\/19-300x183.jpg 300w\" sizes=\"auto, (max-width: 472px) 100vw, 472px\" \/><\/figure>\n\n\n\n<div style=\"height:33px;width:0px\" aria-hidden=\"true\" class=\"wp-block-spacer wp-container-content-67de619e\"><\/div>\n<\/div>\n\n\n\n<p><strong>(*) Las bandas deben comenzar en los extremos delantero y posterior del veh\u00edculo. y deben estar distribuidas equitativamente y en una l\u00ednea continua.<\/strong><\/p>\n\n\n\n<p><strong><strong>(**) Si se opta por colocar DOS (2) placas de 500 mm, estas deber\u00e1n estar situadas sim\u00e9tricamente a ambos lados del veh\u00edculo, tan cerca de sus extremos como sea posible. Esta condici\u00f3n aplica a todos los casos que es posible elegir esta alternativa.<\/strong><\/strong><\/p>\n\n\n\n<div class=\"wp-block-cover alignfull\" style=\"margin-top:0;padding-top:5vw;padding-right:5vw;padding-bottom:5vw;padding-left:5vw;min-height:168px;aspect-ratio:unset;\"><span aria-hidden=\"true\" class=\"wp-block-cover__background has-base-background-color has-background-dim-100 has-background-dim\"><\/span><div class=\"wp-block-cover__inner-container is-layout-flow wp-block-cover-is-layout-flow\">\n<hr class=\"wp-block-separator has-alpha-channel-opacity\"\/>\n\n\n\n<div style=\"height:33px\" aria-hidden=\"true\" class=\"wp-block-spacer\"><\/div>\n\n\n\n<div class=\"wp-block-group is-layout-grid wp-container-core-group-is-layout-d25fd871 wp-block-group-is-layout-grid\" style=\"border-style:none;border-width:0px;border-radius:0px;min-height:0px;margin-top:0;margin-bottom:0;padding-top:0;padding-right:0;padding-bottom:0;padding-left:0\">\n<div class=\"wp-block-group wp-container-content-0508655f is-layout-flow wp-container-core-group-is-layout-d6743c7d wp-block-group-is-layout-flow\">\n<p class=\"has-text-align-center has-heading-color has-text-color\" style=\"font-size:39px;font-style:normal;font-weight:600;letter-spacing:0px;line-height:0.9;text-transform:uppercase\"><strong>Consulta tu vencimiento<\/strong> R.T.O<\/p>\n<\/div>\n\n\n\n<div class=\"wp-block-group wp-container-content-8d6a4fde is-vertical is-content-justification-center is-layout-flex wp-container-core-group-is-layout-b1d58fd5 wp-block-group-is-layout-flex\">\n<div class=\"wp-block-buttons is-layout-flex wp-block-buttons-is-layout-flex\">\n<div class=\"wp-block-button has-custom-width wp-block-button__width-100 has-custom-font-size is-style-outline is-style-outline--1\" style=\"font-size:20px;font-style:normal;font-weight:700;letter-spacing:0px;text-decoration:none;text-transform:none\"><a class=\"wp-block-button__link has-white-color has-primary-background-color has-text-color has-background has-text-align-center wp-element-button\" href=\"https:\/\/www.cent.utn.edu.ar\/rto\/\" style=\"border-style:none;border-width:0px;border-radius:0px;padding-top:21px;padding-right:95px;padding-bottom:21px;padding-left:95px\" target=\"_blank\" rel=\"noreferrer noopener\">CONSULTAR<\/a><\/div>\n<\/div>\n<\/div>\n<\/div>\n<\/div><\/div>\n","protected":false},"excerpt":{"rendered":"<p>Requisitos para realizar RTO (Revisi\u00f3n T\u00e9cnica Obligatoria) AUTOS PARTICULARES (No radicados en CABA, Prov. De Buenos Aires o Mendoza) (S\u00f3lo se abona si la revisi\u00f3n de su veh\u00edculo est\u00e1 aprobada, caso contrario los t\u00e9cnicos entregar\u00e1n un informe con las anomal\u00edas encontradas) QUE SE REVISA TREN DELANTERO, TRASERO Y SUSPENSI\u00d3N SISTEMA DE DIRECCI\u00d3N CHASIS, SISTEMAS DE [&hellip;]<\/p>\n","protected":false},"author":1,"featured_media":0,"parent":0,"menu_order":0,"comment_status":"closed","ping_status":"closed","template":"","meta":{"footnotes":""},"class_list":["post-313","page","type-page","status-publish","hentry"],"_links":{"self":[{"href":"https:\/\/tuvsa.com.ar\/web\/index.php\/wp-json\/wp\/v2\/pages\/313","targetHints":{"allow":["GET"]}}],"collection":[{"href":"https:\/\/tuvsa.com.ar\/web\/index.php\/wp-json\/wp\/v2\/pages"}],"about":[{"href":"https:\/\/tuvsa.com.ar\/web\/index.php\/wp-json\/wp\/v2\/types\/page"}],"author":[{"embeddable":true,"href":"https:\/\/tuvsa.com.ar\/web\/index.php\/wp-json\/wp\/v2\/users\/1"}],"replies":[{"embeddable":true,"href":"https:\/\/tuvsa.com.ar\/web\/index.php\/wp-json\/wp\/v2\/comments?post=313"}],"version-history":[{"count":14,"href":"https:\/\/tuvsa.com.ar\/web\/index.php\/wp-json\/wp\/v2\/pages\/313\/revisions"}],"predecessor-version":[{"id":442,"href":"https:\/\/tuvsa.com.ar\/web\/index.php\/wp-json\/wp\/v2\/pages\/313\/revisions\/442"}],"wp:attachment":[{"href":"https:\/\/tuvsa.com.ar\/web\/index.php\/wp-json\/wp\/v2\/media?parent=313"}],"curies":[{"name":"wp","href":"https:\/\/api.w.org\/{rel}","templated":true}]}}