{"id":319,"date":"2024-12-26T22:53:14","date_gmt":"2024-12-26T22:53:14","guid":{"rendered":"https:\/\/tuvsa.com.ar\/web\/?page_id=319"},"modified":"2024-12-29T21:57:48","modified_gmt":"2024-12-29T21:57:48","slug":"asesoramiento-en-ruta","status":"publish","type":"page","link":"https:\/\/tuvsa.com.ar\/web\/index.php\/asesoramiento-en-ruta\/","title":{"rendered":"Asesoramiento en RUTA"},"content":{"rendered":"\n<div style=\"height:33px\" aria-hidden=\"true\" class=\"wp-block-spacer\"><\/div>\n\n\n\n<h4 class=\"wp-block-heading\">Sobre el registro \u00fanico de transporte automotor&nbsp; (R.U.T.A):<\/h4>\n\n\n\n<p class=\"has-medium-font-size\">Cuando se realice la Inspecci\u00f3n T\u00e9cnica por primera vez, ya sea por ser una unidad nueva o efectuarse un cambio de titular se realizar\u00e1 el siguiente procedimiento:<\/p>\n\n\n\n<ul class=\"wp-block-list\">\n<li style=\"text-transform:uppercase\"><strong>La Revisi\u00f3n t\u00e9cnica Obligatoria y, posteriormente se dirigir\u00e1 a la oficina del RUTA con el certificado de RTO.<\/strong><\/li>\n<\/ul>\n\n\n\n<div style=\"height:33px\" aria-hidden=\"true\" class=\"wp-block-spacer\"><\/div>\n\n\n\n<div class=\"wp-block-columns is-layout-flex wp-container-core-columns-is-layout-28f84493 wp-block-columns-is-layout-flex\">\n<div class=\"wp-block-column is-layout-flow wp-block-column-is-layout-flow\">\n<div class=\"wp-block-buttons is-content-justification-center is-layout-flex wp-container-core-buttons-is-layout-a89b3969 wp-block-buttons-is-layout-flex\">\n<div class=\"wp-block-button\" style=\"text-transform:uppercase\"><a class=\"wp-block-button__link wp-element-button\" href=\"http:\/\/ruta.cent.gov.ar\/consultaDominio\/index\" target=\"_blank\" rel=\"noreferrer noopener\"><strong>Consulta tu inscripci\u00f3n y vencimiento<\/strong><\/a><\/div>\n<\/div>\n<\/div>\n\n\n\n<div class=\"wp-block-column is-layout-flow wp-block-column-is-layout-flow\">\n<div class=\"wp-block-buttons is-content-justification-center is-layout-flex wp-container-core-buttons-is-layout-a89b3969 wp-block-buttons-is-layout-flex\">\n<div class=\"wp-block-button\"><a class=\"wp-block-button__link wp-element-button\" href=\"https:\/\/www.argentina.gob.ar\/transporte\/ruta\" target=\"_blank\" rel=\"noreferrer noopener\"><strong>SOBRE RUTA<\/strong><\/a><\/div>\n<\/div>\n<\/div>\n<\/div>\n\n\n\n<div style=\"height:54px\" aria-hidden=\"true\" class=\"wp-block-spacer\"><\/div>\n\n\n\n<div class=\"wp-block-group is-layout-grid wp-container-core-group-is-layout-d25fd871 wp-block-group-is-layout-grid\" style=\"border-style:none;border-width:0px;border-radius:0px;min-height:0px;margin-top:0;margin-bottom:0;padding-top:0;padding-right:0;padding-bottom:0;padding-left:0\">\n<div class=\"wp-block-group wp-container-content-0508655f is-layout-flow wp-container-core-group-is-layout-d6743c7d wp-block-group-is-layout-flow\">\n<p class=\"has-text-align-center has-heading-color has-text-color\" style=\"font-size:39px;font-style:normal;font-weight:600;letter-spacing:0px;line-height:0.9;text-transform:uppercase\"><strong>Consulta tu vencimiento<\/strong> R.T.O<\/p>\n<\/div>\n\n\n\n<div class=\"wp-block-group wp-container-content-8d6a4fde is-vertical is-content-justification-center is-layout-flex wp-container-core-group-is-layout-b1d58fd5 wp-block-group-is-layout-flex\">\n<div class=\"wp-block-buttons is-layout-flex wp-block-buttons-is-layout-flex\">\n<div class=\"wp-block-button has-custom-width wp-block-button__width-100 has-custom-font-size is-style-outline is-style-outline--1\" style=\"font-size:20px;font-style:normal;font-weight:700;letter-spacing:0px;text-decoration:none;text-transform:none\"><a class=\"wp-block-button__link has-white-color has-primary-background-color has-text-color has-background has-text-align-center wp-element-button\" href=\"https:\/\/www.cent.utn.edu.ar\/rto\/\" style=\"border-style:none;border-width:0px;border-radius:0px;padding-top:21px;padding-right:95px;padding-bottom:21px;padding-left:95px\" target=\"_blank\" rel=\"noreferrer noopener\">CONSULTAR<\/a><\/div>\n<\/div>\n<\/div>\n<\/div>\n","protected":false},"excerpt":{"rendered":"<p>Sobre el registro \u00fanico de transporte automotor&nbsp; (R.U.T.A): Cuando se realice la Inspecci\u00f3n T\u00e9cnica por primera vez, ya sea por ser una unidad nueva o efectuarse un cambio de titular se realizar\u00e1 el siguiente procedimiento: Consulta tu vencimiento R.T.O<\/p>\n","protected":false},"author":1,"featured_media":0,"parent":0,"menu_order":0,"comment_status":"closed","ping_status":"closed","template":"","meta":{"footnotes":""},"class_list":["post-319","page","type-page","status-publish","hentry"],"_links":{"self":[{"href":"https:\/\/tuvsa.com.ar\/web\/index.php\/wp-json\/wp\/v2\/pages\/319","targetHints":{"allow":["GET"]}}],"collection":[{"href":"https:\/\/tuvsa.com.ar\/web\/index.php\/wp-json\/wp\/v2\/pages"}],"about":[{"href":"https:\/\/tuvsa.com.ar\/web\/index.php\/wp-json\/wp\/v2\/types\/page"}],"author":[{"embeddable":true,"href":"https:\/\/tuvsa.com.ar\/web\/index.php\/wp-json\/wp\/v2\/users\/1"}],"replies":[{"embeddable":true,"href":"https:\/\/tuvsa.com.ar\/web\/index.php\/wp-json\/wp\/v2\/comments?post=319"}],"version-history":[{"count":4,"href":"https:\/\/tuvsa.com.ar\/web\/index.php\/wp-json\/wp\/v2\/pages\/319\/revisions"}],"predecessor-version":[{"id":477,"href":"https:\/\/tuvsa.com.ar\/web\/index.php\/wp-json\/wp\/v2\/pages\/319\/revisions\/477"}],"wp:attachment":[{"href":"https:\/\/tuvsa.com.ar\/web\/index.php\/wp-json\/wp\/v2\/media?parent=319"}],"curies":[{"name":"wp","href":"https:\/\/api.w.org\/{rel}","templated":true}]}}